{"id":258,"date":"2024-02-19T16:13:02","date_gmt":"2024-02-19T16:13:02","guid":{"rendered":"https:\/\/themeritschool.rs\/?page_id=258"},"modified":"2026-03-05T15:08:26","modified_gmt":"2026-03-05T15:08:26","slug":"osnovni-akademski-program","status":"publish","type":"page","link":"https:\/\/themeritschool.rs\/en\/osnovni-akademski-program\/","title":{"rendered":"Osnovni Akademski Program"},"content":{"rendered":"\t\t<div data-elementor-type=\"wp-page\" data-elementor-id=\"258\" class=\"elementor elementor-258\">\n\t\t\t\t\t\t<section class=\"elementor-section elementor-top-section elementor-element elementor-element-54995db elementor-section-height-min-height elementor-section-boxed elementor-section-height-default elementor-section-items-middle jltma-glass-effect-no\" data-id=\"54995db\" data-element_type=\"section\" data-e-type=\"section\" data-settings=\"{&quot;background_background&quot;:&quot;slideshow&quot;,&quot;background_slideshow_gallery&quot;:[{&quot;id&quot;:775,&quot;url&quot;:&quot;http:\\\/\\\/themeritschool.rs\\\/wp-content\\\/uploads\\\/2024\\\/03\\\/shutterstock_635927231-scaled.jpg&quot;}],&quot;background_slideshow_loop&quot;:&quot;yes&quot;,&quot;background_slideshow_slide_duration&quot;:5000,&quot;background_slideshow_slide_transition&quot;:&quot;fade&quot;,&quot;background_slideshow_transition_duration&quot;:500}\">\n\t\t\t\t\t\t\t<div class=\"elementor-background-overlay\"><\/div>\n\t\t\t\t\t\t\t<div class=\"elementor-container elementor-column-gap-default\">\n\t\t\t\t\t<div class=\"elementor-column elementor-col-100 elementor-top-column elementor-element elementor-element-79e8da6 jltma-glass-effect-no\" data-id=\"79e8da6\" data-element_type=\"column\" data-e-type=\"column\">\n\t\t\t<div class=\"elementor-widget-wrap\">\n\t\t\t\t\t\t\t<\/div>\n\t\t<\/div>\n\t\t\t\t\t<\/div>\n\t\t<\/section>\n\t\t\t\t<section class=\"elementor-section elementor-top-section elementor-element elementor-element-5c57408 elementor-section-full_width elementor-section-height-min-height elementor-section-items-stretch elementor-section-height-default jltma-glass-effect-no\" data-id=\"5c57408\" data-element_type=\"section\" data-e-type=\"section\">\n\t\t\t\t\t\t<div class=\"elementor-container elementor-column-gap-custom\">\n\t\t\t\t\t<div class=\"elementor-column elementor-col-50 elementor-top-column elementor-element elementor-element-c227fbe jltma-glass-effect-no\" data-id=\"c227fbe\" data-element_type=\"column\" data-e-type=\"column\" data-settings=\"{&quot;background_background&quot;:&quot;classic&quot;}\">\n\t\t\t<div class=\"elementor-widget-wrap elementor-element-populated\">\n\t\t\t\t\t\t<div class=\"elementor-element elementor-element-46fb949 jltma-glass-effect-no elementor-widget elementor-widget-text-editor\" data-id=\"46fb949\" data-element_type=\"widget\" data-e-type=\"widget\" data-widget_type=\"text-editor.default\">\n\t\t\t\t<div class=\"elementor-widget-container\">\n\t\t\t\t\t\t\t\t\t<p><span class=\"s1\"><b>OSNOVNI AKADEMSKI PROGRAM<\/b><\/span><\/p>\t\t\t\t\t\t\t\t<\/div>\n\t\t\t\t<\/div>\n\t\t\t\t<div class=\"elementor-element elementor-element-577bb7c elementor-widget__width-auto jltma-glass-effect-no elementor-widget elementor-widget-text-editor\" data-id=\"577bb7c\" data-element_type=\"widget\" data-e-type=\"widget\" data-widget_type=\"text-editor.default\">\n\t\t\t\t<div class=\"elementor-widget-container\">\n\t\t\t\t\t\t\t\t\t<p class=\"p1\"><span class=\"s1\">Nastava po\u010dinje u 9:00 h sa \u0161est\/sedam redovnih \u010dasova dnevno.<\/span><\/p><p class=\"p1\"><span class=\"s1\"><b>Formiramo odeljenja od 16 u\u010denika<\/b>.<\/span><\/p><p class=\"p1\"><span class=\"s1\"><b>Program uklju\u010duje:<\/b><\/span><\/p><p class=\"p1\"><span class=\"s1\">\u2022 nastavu po nacionalnom programu<\/span><\/p><p class=\"p1\"><span class=\"s1\">\u2022 psiholo\u0161ko-pedago\u0161ku podr\u0161ku<\/span><\/p><p class=\"p1\"><span class=\"s1\">\u2022 vannastavne aktivnosti<\/span><\/p><p class=\"p1\"><span class=\"s1\">Nastava obuhvata sve obavezne i izborne predmete propisane <\/span><span class=\"s1\">zvani\u010dnim kurikulumom za gimnazije u Srbiji.<\/span><\/p><p class=\"p1\"><span class=\"s1\">U\u010denicima su obezbe\u0111eni zvani\u010dni ud\u017ebenici na srpskom jeziku, <\/span><span class=\"s1\">osmi\u0161ljeni da podsti\u010du savremeno, digitalno i interaktivno u\u010denje.<\/span><\/p><p>The Merit School spaja znanja i ve\u0161tine, \u0161kolovanje i praksu, u\u010denika i budu\u0107nost.<\/p>\t\t\t\t\t\t\t\t<\/div>\n\t\t\t\t<\/div>\n\t\t\t\t\t<\/div>\n\t\t<\/div>\n\t\t\t\t<div class=\"elementor-column elementor-col-50 elementor-top-column elementor-element elementor-element-ab340c4 jltma-glass-effect-no\" data-id=\"ab340c4\" data-element_type=\"column\" data-e-type=\"column\" data-settings=\"{&quot;background_background&quot;:&quot;classic&quot;}\">\n\t\t\t<div class=\"elementor-widget-wrap elementor-element-populated\">\n\t\t\t\t\t\t<div class=\"elementor-element elementor-element-a78c4b9 elementor-icon-list--layout-traditional elementor-list-item-link-full_width jltma-glass-effect-no elementor-widget elementor-widget-icon-list\" data-id=\"a78c4b9\" data-element_type=\"widget\" data-e-type=\"widget\" data-widget_type=\"icon-list.default\">\n\t\t\t\t<div class=\"elementor-widget-container\">\n\t\t\t\t\t\t\t<ul class=\"elementor-icon-list-items\">\n\t\t\t\t\t\t\t<li class=\"elementor-icon-list-item\">\n\t\t\t\t\t\t\t\t\t\t\t<a href=\"#jezici\">\n\n\t\t\t\t\t\t\t\t\t\t\t<span class=\"elementor-icon-list-text\">JEZICI<\/span>\n\t\t\t\t\t\t\t\t\t\t\t<\/a>\n\t\t\t\t\t\t\t\t\t<\/li>\n\t\t\t\t\t\t\t\t<li class=\"elementor-icon-list-item\">\n\t\t\t\t\t\t\t\t\t\t\t<a href=\"#vannastavne-aktivnosti\">\n\n\t\t\t\t\t\t\t\t\t\t\t<span class=\"elementor-icon-list-text\">VANNASTAVNE AKTIVNOSTI<\/span>\n\t\t\t\t\t\t\t\t\t\t\t<\/a>\n\t\t\t\t\t\t\t\t\t<\/li>\n\t\t\t\t\t\t\t\t<li class=\"elementor-icon-list-item\">\n\t\t\t\t\t\t\t\t\t\t\t<a href=\"#individualna\">\n\n\t\t\t\t\t\t\t\t\t\t\t<span class=\"elementor-icon-list-text\">INDIVIDUALNA PODR\u0160KA I KARIJERNO VO\u0110ENJE<\/span>\n\t\t\t\t\t\t\t\t\t\t\t<\/a>\n\t\t\t\t\t\t\t\t\t<\/li>\n\t\t\t\t\t\t\t\t<li class=\"elementor-icon-list-item\">\n\t\t\t\t\t\t\t\t\t\t\t<a href=\"#gostuju\u0107i-stru\u010dnjaci\">\n\n\t\t\t\t\t\t\t\t\t\t\t<span class=\"elementor-icon-list-text\">GOSTUJU\u0106I STRU\u010cNJACI<\/span>\n\t\t\t\t\t\t\t\t\t\t\t<\/a>\n\t\t\t\t\t\t\t\t\t<\/li>\n\t\t\t\t\t\t\t\t<li class=\"elementor-icon-list-item\">\n\t\t\t\t\t\t\t\t\t\t\t<a href=\"#fizi\u010dko\">\n\n\t\t\t\t\t\t\t\t\t\t\t<span class=\"elementor-icon-list-text\">fizi\u010dko vaspitanje i kulturni program<\/span>\n\t\t\t\t\t\t\t\t\t\t\t<\/a>\n\t\t\t\t\t\t\t\t\t<\/li>\n\t\t\t\t\t\t<\/ul>\n\t\t\t\t\t\t<\/div>\n\t\t\t\t<\/div>\n\t\t\t\t\t<\/div>\n\t\t<\/div>\n\t\t\t\t\t<\/div>\n\t\t<\/section>\n\t\t<div class=\"elementor-element elementor-element-eb75f68 e-con-full e-flex jltma-glass-effect-no e-con e-parent\" data-id=\"eb75f68\" data-element_type=\"container\" data-e-type=\"container\" id=\"jezici\" data-settings=\"{&quot;background_background&quot;:&quot;classic&quot;}\">\n\t\t<div class=\"elementor-element elementor-element-04471aa e-con-full e-flex jltma-glass-effect-no e-con e-child\" data-id=\"04471aa\" data-element_type=\"container\" data-e-type=\"container\">\n\t\t\t\t<div class=\"elementor-element elementor-element-b66c2eb elementor-widget__width-auto jltma-glass-effect-no elementor-widget elementor-widget-heading\" data-id=\"b66c2eb\" data-element_type=\"widget\" data-e-type=\"widget\" data-widget_type=\"heading.default\">\n\t\t\t\t<div class=\"elementor-widget-container\">\n\t\t\t\t\t<h2 class=\"elementor-heading-title elementor-size-default\">JEZICI<\/h2>\t\t\t\t<\/div>\n\t\t\t\t<\/div>\n\t\t\t\t<div class=\"elementor-element elementor-element-df0aefc jltma-glass-effect-no elementor-widget elementor-widget-text-editor\" data-id=\"df0aefc\" data-element_type=\"widget\" data-e-type=\"widget\" data-widget_type=\"text-editor.default\">\n\t\t\t\t<div class=\"elementor-widget-container\">\n\t\t\t\t\t\t\t\t\t<p class=\"p1\"><span class=\"s1\">Glavni strani jezik je engleski, uz mogu\u0107nost sticanja me\u0111unarodnih <\/span><span class=\"s1\">jezi\u010dkih sertifikata.<\/span><\/p><p class=\"p1\"><span class=\"s1\">Drugi strani jezik u\u010denici biraju izme\u0111u: <\/span><\/p><ul class=\"ul1\"><li class=\"li1\"><span class=\"s1\">nema\u010dkog, <\/span><\/li><li class=\"li1\"><span class=\"s1\">francuskog,<\/span><\/li><li class=\"li1\"><span class=\"s1\">\u0161panskog.<\/span><\/li><\/ul>\t\t\t\t\t\t\t\t<\/div>\n\t\t\t\t<\/div>\n\t\t\t\t<\/div>\n\t\t<div class=\"elementor-element elementor-element-c21e2f4 e-con-full e-flex jltma-glass-effect-no e-con e-child\" data-id=\"c21e2f4\" data-element_type=\"container\" data-e-type=\"container\" data-settings=\"{&quot;background_background&quot;:&quot;classic&quot;}\">\n\t\t\t\t<div class=\"elementor-element elementor-element-633f710 jltma-glass-effect-no elementor-widget elementor-widget-spacer\" data-id=\"633f710\" data-element_type=\"widget\" data-e-type=\"widget\" data-widget_type=\"spacer.default\">\n\t\t\t\t<div class=\"elementor-widget-container\">\n\t\t\t\t\t\t\t<div class=\"elementor-spacer\">\n\t\t\t<div class=\"elementor-spacer-inner\"><\/div>\n\t\t<\/div>\n\t\t\t\t\t\t<\/div>\n\t\t\t\t<\/div>\n\t\t\t\t<\/div>\n\t\t\t\t<\/div>\n\t\t<div class=\"elementor-element elementor-element-8a9347d e-con-full e-flex jltma-glass-effect-no e-con e-parent\" data-id=\"8a9347d\" data-element_type=\"container\" data-e-type=\"container\" id=\"vannastavne-aktivnosti\" data-settings=\"{&quot;background_background&quot;:&quot;classic&quot;}\">\n\t\t<div class=\"elementor-element elementor-element-c31a3f0 e-con-full e-flex jltma-glass-effect-no e-con e-child\" data-id=\"c31a3f0\" data-element_type=\"container\" data-e-type=\"container\">\n\t\t\t\t<div class=\"elementor-element elementor-element-66ce36a elementor-widget__width-auto jltma-glass-effect-no elementor-widget elementor-widget-heading\" data-id=\"66ce36a\" data-element_type=\"widget\" data-e-type=\"widget\" data-widget_type=\"heading.default\">\n\t\t\t\t<div class=\"elementor-widget-container\">\n\t\t\t\t\t<h2 class=\"elementor-heading-title elementor-size-default\">VANNASTAVNE AKTIVNOSTI\n<\/h2>\t\t\t\t<\/div>\n\t\t\t\t<\/div>\n\t\t\t\t<div class=\"elementor-element elementor-element-ef1b936 jltma-glass-effect-no elementor-widget elementor-widget-text-editor\" data-id=\"ef1b936\" data-element_type=\"widget\" data-e-type=\"widget\" data-widget_type=\"text-editor.default\">\n\t\t\t\t<div class=\"elementor-widget-container\">\n\t\t\t\t\t\t\t\t\t<p class=\"p1\"><span class=\"s1\">Pored redovne nastave, The Merit School implementira <\/span><span class=\"s1\">specijalizovan vannastavni program ve\u0161tina, koji uklju\u010duje:<\/span><\/p><p class=\"p1\"><span class=\"s1\">\u2022 Preduzetni\u0161tvo \u2013 razvoj biznis ideja i prakti\u010dnih projekata<\/span><\/p><p class=\"p1\"><span class=\"s1\">\u2022 Javni nastup \u2013 priprema za prezentacije, govorni\u0161tvo i <\/span><span class=\"s1\">komunikaciju<\/span><\/p><p class=\"p1\"><span class=\"s1\">\u2022 Kreativno i kriti\u010dko mi\u0161ljenje \u2013 metode re\u0161avanja <\/span><span class=\"s1\">problema i inovativno razmi\u0161ljanje<\/span><\/p><p class=\"p1\"><span class=\"s1\">Ove ve\u0161tine integri\u0161u se kroz radionice, gostuju\u0107a <\/span><span class=\"s1\">predavanja i prakti\u010dne zadatke u okviru redovnog rasporeda \u010dasova.<\/span><\/p>\t\t\t\t\t\t\t\t<\/div>\n\t\t\t\t<\/div>\n\t\t\t\t<\/div>\n\t\t<div class=\"elementor-element elementor-element-98fa091 e-con-full e-flex jltma-glass-effect-no e-con e-child\" data-id=\"98fa091\" data-element_type=\"container\" data-e-type=\"container\" data-settings=\"{&quot;background_background&quot;:&quot;classic&quot;}\">\n\t\t\t\t<div class=\"elementor-element elementor-element-a07f39a jltma-glass-effect-no elementor-widget elementor-widget-spacer\" data-id=\"a07f39a\" data-element_type=\"widget\" data-e-type=\"widget\" data-widget_type=\"spacer.default\">\n\t\t\t\t<div class=\"elementor-widget-container\">\n\t\t\t\t\t\t\t<div class=\"elementor-spacer\">\n\t\t\t<div class=\"elementor-spacer-inner\"><\/div>\n\t\t<\/div>\n\t\t\t\t\t\t<\/div>\n\t\t\t\t<\/div>\n\t\t\t\t<\/div>\n\t\t\t\t<\/div>\n\t\t<div class=\"elementor-element elementor-element-1264df7 e-con-full e-flex jltma-glass-effect-no e-con e-parent\" data-id=\"1264df7\" data-element_type=\"container\" data-e-type=\"container\" id=\"individualna\" data-settings=\"{&quot;background_background&quot;:&quot;classic&quot;}\">\n\t\t<div class=\"elementor-element elementor-element-e01a9b3 e-con-full e-flex jltma-glass-effect-no e-con e-child\" data-id=\"e01a9b3\" data-element_type=\"container\" data-e-type=\"container\">\n\t\t\t\t<div class=\"elementor-element elementor-element-a9ae21c elementor-widget__width-auto jltma-glass-effect-no elementor-widget elementor-widget-heading\" data-id=\"a9ae21c\" data-element_type=\"widget\" data-e-type=\"widget\" data-widget_type=\"heading.default\">\n\t\t\t\t<div class=\"elementor-widget-container\">\n\t\t\t\t\t<h2 class=\"elementor-heading-title elementor-size-default\">INDIVIDUALNA PODR\u0160KA I KARIJERNO VO\u0110ENJE\n<\/h2>\t\t\t\t<\/div>\n\t\t\t\t<\/div>\n\t\t\t\t<div class=\"elementor-element elementor-element-0f676e8 jltma-glass-effect-no elementor-widget elementor-widget-text-editor\" data-id=\"0f676e8\" data-element_type=\"widget\" data-e-type=\"widget\" data-widget_type=\"text-editor.default\">\n\t\t\t\t<div class=\"elementor-widget-container\">\n\t\t\t\t\t\t\t\t\t<p class=\"p1\"><span class=\"s1\">Program uklju\u010duje psiholo\u0161ko-pedago\u0161ku podr\u0161ku, pra\u0107enje <\/span><span class=\"s1\">napretka svakog u\u010denika i profesionalno karijerno vo\u0111enje kako <\/span><span class=\"s1\">bi u\u010denici pravovremeno izabrali fakultet u zemlji ili inostranstvu.<\/span><\/p>\t\t\t\t\t\t\t\t<\/div>\n\t\t\t\t<\/div>\n\t\t\t\t<\/div>\n\t\t<div class=\"elementor-element elementor-element-f276d52 e-con-full e-flex jltma-glass-effect-no e-con e-child\" data-id=\"f276d52\" data-element_type=\"container\" data-e-type=\"container\" data-settings=\"{&quot;background_background&quot;:&quot;classic&quot;}\">\n\t\t\t\t<div class=\"elementor-element elementor-element-0f2fd06 jltma-glass-effect-no elementor-widget elementor-widget-spacer\" data-id=\"0f2fd06\" data-element_type=\"widget\" data-e-type=\"widget\" data-widget_type=\"spacer.default\">\n\t\t\t\t<div class=\"elementor-widget-container\">\n\t\t\t\t\t\t\t<div class=\"elementor-spacer\">\n\t\t\t<div class=\"elementor-spacer-inner\"><\/div>\n\t\t<\/div>\n\t\t\t\t\t\t<\/div>\n\t\t\t\t<\/div>\n\t\t\t\t<\/div>\n\t\t\t\t<\/div>\n\t\t<div class=\"elementor-element elementor-element-d02834d e-con-full e-flex jltma-glass-effect-no e-con e-parent\" data-id=\"d02834d\" data-element_type=\"container\" data-e-type=\"container\" id=\"gostuju\u0107i-stru\u010dnjaci\" data-settings=\"{&quot;background_background&quot;:&quot;classic&quot;}\">\n\t\t<div class=\"elementor-element elementor-element-5ab1bfe e-con-full e-flex jltma-glass-effect-no e-con e-child\" data-id=\"5ab1bfe\" data-element_type=\"container\" data-e-type=\"container\">\n\t\t\t\t<div class=\"elementor-element elementor-element-1e87393 elementor-widget__width-auto jltma-glass-effect-no elementor-widget elementor-widget-heading\" data-id=\"1e87393\" data-element_type=\"widget\" data-e-type=\"widget\" data-widget_type=\"heading.default\">\n\t\t\t\t<div class=\"elementor-widget-container\">\n\t\t\t\t\t<h2 class=\"elementor-heading-title elementor-size-default\">GOSTUJU\u0106I STRU\u010cNJACI\n<\/h2>\t\t\t\t<\/div>\n\t\t\t\t<\/div>\n\t\t\t\t<div class=\"elementor-element elementor-element-11c59d7 jltma-glass-effect-no elementor-widget elementor-widget-text-editor\" data-id=\"11c59d7\" data-element_type=\"widget\" data-e-type=\"widget\" data-widget_type=\"text-editor.default\">\n\t\t\t\t<div class=\"elementor-widget-container\">\n\t\t\t\t\t\t\t\t\t<p class=\"p1\"><span class=\"s1\">Svake godine u nastavu se uklju\u010duju stru\u010dnjaci iz prakse (iz zemlje <\/span><span class=\"s1\">i inostranstva) koji vode radionice, debate i prakti\u010dne ve\u017ebe u <\/span><span class=\"s1\">oblastima preduzetni\u0161tva, komunikacije i kreativnog rada.<\/span><\/p>\t\t\t\t\t\t\t\t<\/div>\n\t\t\t\t<\/div>\n\t\t\t\t<\/div>\n\t\t<div class=\"elementor-element elementor-element-70035b0 e-con-full e-flex jltma-glass-effect-no e-con e-child\" data-id=\"70035b0\" data-element_type=\"container\" data-e-type=\"container\" data-settings=\"{&quot;background_background&quot;:&quot;classic&quot;}\">\n\t\t\t\t<div class=\"elementor-element elementor-element-45f638f jltma-glass-effect-no elementor-widget elementor-widget-spacer\" data-id=\"45f638f\" data-element_type=\"widget\" data-e-type=\"widget\" data-widget_type=\"spacer.default\">\n\t\t\t\t<div class=\"elementor-widget-container\">\n\t\t\t\t\t\t\t<div class=\"elementor-spacer\">\n\t\t\t<div class=\"elementor-spacer-inner\"><\/div>\n\t\t<\/div>\n\t\t\t\t\t\t<\/div>\n\t\t\t\t<\/div>\n\t\t\t\t<\/div>\n\t\t\t\t<\/div>\n\t\t<div class=\"elementor-element elementor-element-a74778d e-con-full e-flex jltma-glass-effect-no e-con e-parent\" data-id=\"a74778d\" data-element_type=\"container\" data-e-type=\"container\" id=\"fizi\u010dko\" data-settings=\"{&quot;background_background&quot;:&quot;classic&quot;}\">\n\t\t<div class=\"elementor-element elementor-element-f6edb82 e-con-full e-flex jltma-glass-effect-no e-con e-child\" data-id=\"f6edb82\" data-element_type=\"container\" data-e-type=\"container\">\n\t\t\t\t<div class=\"elementor-element elementor-element-096e7c6 elementor-widget__width-auto jltma-glass-effect-no elementor-widget elementor-widget-heading\" data-id=\"096e7c6\" data-element_type=\"widget\" data-e-type=\"widget\" data-widget_type=\"heading.default\">\n\t\t\t\t<div class=\"elementor-widget-container\">\n\t\t\t\t\t<h2 class=\"elementor-heading-title elementor-size-default\">FIZI\u010cKO VASPITANJE I KULTURNI PROGRAM\n<\/h2>\t\t\t\t<\/div>\n\t\t\t\t<\/div>\n\t\t\t\t<div class=\"elementor-element elementor-element-7944d94 jltma-glass-effect-no elementor-widget elementor-widget-text-editor\" data-id=\"7944d94\" data-element_type=\"widget\" data-e-type=\"widget\" data-widget_type=\"text-editor.default\">\n\t\t\t\t<div class=\"elementor-widget-container\">\n\t\t\t\t\t\t\t\t\t<p class=\"p1\"><span class=\"s1\">Nastava fizi\u010dkog vaspitanja se organizuje u razli\u010ditim <\/span><span class=\"s1\">sportsko-rekreativnim okru\u017eenjima, uklju\u010duju\u0107i sale, bazene i <\/span><span class=\"s1\">parkove. <br \/><br \/>U\u010denici redovno pose\u0107uju zna\u010dajne kulturne i sportske <\/span><span class=\"s1\">doga\u0111aje u Beogradu, koji su uklju\u010deni u \u0161kolski program.<\/span><\/p>\t\t\t\t\t\t\t\t<\/div>\n\t\t\t\t<\/div>\n\t\t\t\t<\/div>\n\t\t<div class=\"elementor-element elementor-element-2b2110e e-con-full e-flex jltma-glass-effect-no e-con e-child\" data-id=\"2b2110e\" data-element_type=\"container\" data-e-type=\"container\" data-settings=\"{&quot;background_background&quot;:&quot;classic&quot;}\">\n\t\t\t\t<div class=\"elementor-element elementor-element-21d73f1 jltma-glass-effect-no elementor-widget elementor-widget-spacer\" data-id=\"21d73f1\" data-element_type=\"widget\" data-e-type=\"widget\" data-widget_type=\"spacer.default\">\n\t\t\t\t<div class=\"elementor-widget-container\">\n\t\t\t\t\t\t\t<div class=\"elementor-spacer\">\n\t\t\t<div class=\"elementor-spacer-inner\"><\/div>\n\t\t<\/div>\n\t\t\t\t\t\t<\/div>\n\t\t\t\t<\/div>\n\t\t\t\t<\/div>\n\t\t\t\t<\/div>\n\t\t\t\t<\/div>\n\t\t","protected":false},"excerpt":{"rendered":"<p>OSNOVNI AKADEMSKI PROGRAM Nastava po\u010dinje u 9:00 h sa \u0161est\/sedam redovnih \u010dasova dnevno. Formiramo odeljenja od 16 u\u010denika. Program uklju\u010duje: \u2022 nastavu po nacionalnom programu \u2022 psiholo\u0161ko-pedago\u0161ku podr\u0161ku \u2022 vannastavne aktivnosti Nastava obuhvata sve obavezne i izborne predmete propisane zvani\u010dnim kurikulumom za gimnazije u Srbiji. U\u010denicima su obezbe\u0111eni zvani\u010dni ud\u017ebenici na srpskom jeziku, osmi\u0161ljeni da [&hellip;]<\/p>\n","protected":false},"author":1,"featured_media":0,"parent":0,"menu_order":0,"comment_status":"closed","ping_status":"closed","template":"","meta":{"footnotes":""},"class_list":["post-258","page","type-page","status-publish","hentry"],"_links":{"self":[{"href":"https:\/\/themeritschool.rs\/en\/wp-json\/wp\/v2\/pages\/258","targetHints":{"allow":["GET"]}}],"collection":[{"href":"https:\/\/themeritschool.rs\/en\/wp-json\/wp\/v2\/pages"}],"about":[{"href":"https:\/\/themeritschool.rs\/en\/wp-json\/wp\/v2\/types\/page"}],"author":[{"embeddable":true,"href":"https:\/\/themeritschool.rs\/en\/wp-json\/wp\/v2\/users\/1"}],"replies":[{"embeddable":true,"href":"https:\/\/themeritschool.rs\/en\/wp-json\/wp\/v2\/comments?post=258"}],"version-history":[{"count":181,"href":"https:\/\/themeritschool.rs\/en\/wp-json\/wp\/v2\/pages\/258\/revisions"}],"predecessor-version":[{"id":1395,"href":"https:\/\/themeritschool.rs\/en\/wp-json\/wp\/v2\/pages\/258\/revisions\/1395"}],"wp:attachment":[{"href":"https:\/\/themeritschool.rs\/en\/wp-json\/wp\/v2\/media?parent=258"}],"curies":[{"name":"wp","href":"https:\/\/api.w.org\/{rel}","templated":true}]}}