{"id":341,"date":"2024-02-20T15:32:59","date_gmt":"2024-02-20T15:32:59","guid":{"rendered":"https:\/\/themeritschool.rs\/?page_id=341"},"modified":"2026-03-05T11:01:29","modified_gmt":"2026-03-05T11:01:29","slug":"sportski-program","status":"publish","type":"page","link":"https:\/\/themeritschool.rs\/en\/sportski-program\/","title":{"rendered":"Sportski Program"},"content":{"rendered":"\t\t<div data-elementor-type=\"wp-page\" data-elementor-id=\"341\" class=\"elementor elementor-341\">\n\t\t\t\t\t\t<section class=\"elementor-section elementor-top-section elementor-element elementor-element-b3c7b75 elementor-section-height-min-height elementor-section-boxed elementor-section-height-default elementor-section-items-middle jltma-glass-effect-no\" data-id=\"b3c7b75\" data-element_type=\"section\" data-e-type=\"section\" data-settings=\"{&quot;background_background&quot;:&quot;slideshow&quot;,&quot;background_slideshow_gallery&quot;:[{&quot;id&quot;:349,&quot;url&quot;:&quot;http:\\\/\\\/themeritschool.rs\\\/wp-content\\\/uploads\\\/2024\\\/02\\\/shutterstock_1719924733.png&quot;}],&quot;background_slideshow_loop&quot;:&quot;yes&quot;,&quot;background_slideshow_slide_duration&quot;:5000,&quot;background_slideshow_slide_transition&quot;:&quot;fade&quot;,&quot;background_slideshow_transition_duration&quot;:500}\">\n\t\t\t\t\t\t\t<div class=\"elementor-background-overlay\"><\/div>\n\t\t\t\t\t\t\t<div class=\"elementor-container elementor-column-gap-default\">\n\t\t\t\t\t<div class=\"elementor-column elementor-col-100 elementor-top-column elementor-element elementor-element-1e40b12 jltma-glass-effect-no\" data-id=\"1e40b12\" data-element_type=\"column\" data-e-type=\"column\">\n\t\t\t<div class=\"elementor-widget-wrap\">\n\t\t\t\t\t\t\t<\/div>\n\t\t<\/div>\n\t\t\t\t\t<\/div>\n\t\t<\/section>\n\t\t\t\t<section class=\"elementor-section elementor-top-section elementor-element elementor-element-500b611 elementor-section-full_width elementor-section-height-min-height elementor-section-items-stretch elementor-section-height-default jltma-glass-effect-no\" data-id=\"500b611\" data-element_type=\"section\" data-e-type=\"section\">\n\t\t\t\t\t\t<div class=\"elementor-container elementor-column-gap-custom\">\n\t\t\t\t\t<div class=\"elementor-column elementor-col-50 elementor-top-column elementor-element elementor-element-c8b1003 jltma-glass-effect-no\" data-id=\"c8b1003\" data-element_type=\"column\" data-e-type=\"column\" data-settings=\"{&quot;background_background&quot;:&quot;classic&quot;}\">\n\t\t\t<div class=\"elementor-widget-wrap elementor-element-populated\">\n\t\t\t\t\t\t<div class=\"elementor-element elementor-element-5492b9a jltma-glass-effect-no elementor-widget elementor-widget-text-editor\" data-id=\"5492b9a\" data-element_type=\"widget\" data-e-type=\"widget\" data-widget_type=\"text-editor.default\">\n\t\t\t\t<div class=\"elementor-widget-container\">\n\t\t\t\t\t\t\t\t\t<p class=\"p1\"><span class=\"s1\"><b>NACIONALNI SPORTSKI PROGRAM <\/b><\/span><\/p>\t\t\t\t\t\t\t\t<\/div>\n\t\t\t\t<\/div>\n\t\t\t\t<div class=\"elementor-element elementor-element-2c09853 elementor-widget__width-auto jltma-glass-effect-no elementor-widget elementor-widget-text-editor\" data-id=\"2c09853\" data-element_type=\"widget\" data-e-type=\"widget\" data-widget_type=\"text-editor.default\">\n\t\t\t\t<div class=\"elementor-widget-container\">\n\t\t\t\t\t\t\t\t\t<p class=\"p1\"><strong>FILOZOFIJA DUALNE KARIJERE<br \/><br \/><\/strong><\/p><p class=\"p1\"><span class=\"s1\">Pratimo savremene evropske principe \u201edual career\u201c pristupa:<\/span><\/p><p class=\"p1\"><span class=\"s1\">Obrazovanje i sport napreduju paralelno<\/span><\/p><p class=\"p1\"><span class=\"s1\">Nema prisilnog izbora izme\u0111u treninga i \u0161kolovanja<br \/><br \/><\/span><\/p><p class=\"p1\"><span class=\"s1\">Svaki u\u010denik dobija:<\/span><\/p><p class=\"p1\"><span class=\"s1\">Podr\u0161ku akademskog mentora<\/span><\/p><p class=\"p1\"><span class=\"s1\">Smernice za li\u010dni razvoj<\/span><\/p><p class=\"p1\"><span class=\"s1\">Podr\u0161ku u prilago\u0111avanju za me\u0111unarodne u\u010denike<\/span><\/p><p class=\"p1\"><span class=\"s1\">Redovne izve\u0161taje o napretku i konsultacije sa roditeljima<\/span><\/p>\t\t\t\t\t\t\t\t<\/div>\n\t\t\t\t<\/div>\n\t\t\t\t\t<\/div>\n\t\t<\/div>\n\t\t\t\t<div class=\"elementor-column elementor-col-50 elementor-top-column elementor-element elementor-element-387dffb jltma-glass-effect-no\" data-id=\"387dffb\" data-element_type=\"column\" data-e-type=\"column\" data-settings=\"{&quot;background_background&quot;:&quot;classic&quot;}\">\n\t\t\t<div class=\"elementor-widget-wrap elementor-element-populated\">\n\t\t\t\t\t\t<div class=\"elementor-element elementor-element-a82e6d0 jltma-glass-effect-no elementor-widget elementor-widget-text-editor\" data-id=\"a82e6d0\" data-element_type=\"widget\" data-e-type=\"widget\" data-widget_type=\"text-editor.default\">\n\t\t\t\t<div class=\"elementor-widget-container\">\n\t\t\t\t\t\t\t\t\t<p class=\"p1\"><span class=\"s1\"><b>Program je namenjen mladim sportistima koji \u017eele vi\u0161e:<\/b><\/span><\/p>\t\t\t\t\t\t\t\t<\/div>\n\t\t\t\t<\/div>\n\t\t\t\t<div class=\"elementor-element elementor-element-817aaf7 elementor-widget__width-auto jltma-glass-effect-no elementor-widget elementor-widget-text-editor\" data-id=\"817aaf7\" data-element_type=\"widget\" data-e-type=\"widget\" data-widget_type=\"text-editor.default\">\n\t\t\t\t<div class=\"elementor-widget-container\">\n\t\t\t\t\t\t\t\t\t<p class=\"p1\"><span class=\"s2\">\u2714<\/span><span class=\"s1\">\u00a0 Takmi\u010de se ili treniraju na visokom nivou<br \/><br \/><\/span><span class=\"s2\">\u2714<\/span><span class=\"s1\">\u00a0 Planiraju profesionalni ili univerzitetski sportski put<br \/><br \/><\/span><span class=\"s2\">\u2714<\/span><span class=\"s1\">\u00a0 \u017dele me\u0111unarodno iskustvo u sigurnom i podsticajnom okru\u017eenju<br \/><br \/><\/span><span class=\"s2\">\u2714\u00a0<\/span><span class=\"s1\"> Razmi\u0161ljaju o budu\u0107nosti i \u017eivotu nakon sporta<\/span><\/p>\t\t\t\t\t\t\t\t<\/div>\n\t\t\t\t<\/div>\n\t\t\t\t<div class=\"elementor-element elementor-element-291464d elementor-widget__width-auto jltma-glass-effect-no elementor-widget elementor-widget-text-editor\" data-id=\"291464d\" data-element_type=\"widget\" data-e-type=\"widget\" data-widget_type=\"text-editor.default\">\n\t\t\t\t<div class=\"elementor-widget-container\">\n\t\t\t\t\t\t\t\t\t<p class=\"p1\"><span class=\"s1\"><strong>Fleksibilan raspored<\/strong> <\/span><span class=\"s1\">\u2013 \u0161kola prati tvoj ritam treninga i takmi\u010denja<\/span><\/p><p class=\"p1\"><strong><span class=\"s1\">Mentorska podr\u0161ka <\/span><\/strong><span class=\"s1\">\u2013 nadoknada gradiva po potrebi<\/span><\/p><p class=\"p1\"><strong><span class=\"s1\">U\u010denje po ciklusima <\/span><\/strong><span class=\"s1\">\u2013 balans izme\u0111u intenzivnih treninga i \u0161kolskih obaveza<\/span><\/p>\t\t\t\t\t\t\t\t<\/div>\n\t\t\t\t<\/div>\n\t\t\t\t\t<\/div>\n\t\t<\/div>\n\t\t\t\t\t<\/div>\n\t\t<\/section>\n\t\t<div class=\"elementor-element elementor-element-16442ed e-con-full e-flex jltma-glass-effect-no e-con e-parent\" data-id=\"16442ed\" data-element_type=\"container\" data-e-type=\"container\" data-settings=\"{&quot;background_background&quot;:&quot;classic&quot;}\">\n\t\t<div class=\"elementor-element elementor-element-2c71059 e-con-full e-flex jltma-glass-effect-no e-con e-child\" data-id=\"2c71059\" data-element_type=\"container\" data-e-type=\"container\">\n\t\t\t\t<div class=\"elementor-element elementor-element-f6820db elementor-widget__width-auto jltma-glass-effect-no elementor-widget elementor-widget-heading\" data-id=\"f6820db\" data-element_type=\"widget\" data-e-type=\"widget\" data-widget_type=\"heading.default\">\n\t\t\t\t<div class=\"elementor-widget-container\">\n\t\t\t\t\t<h2 class=\"elementor-heading-title elementor-size-default\">Nudimo sigurnost, kvalitetno obrazovanje i dugoro\u010dnu vrednost. \nNa\u0161 program objedinjuje:<\/h2>\t\t\t\t<\/div>\n\t\t\t\t<\/div>\n\t\t\t\t<div class=\"elementor-element elementor-element-12e6fb9 jltma-glass-effect-no elementor-widget elementor-widget-text-editor\" data-id=\"12e6fb9\" data-element_type=\"widget\" data-e-type=\"widget\" data-widget_type=\"text-editor.default\">\n\t\t\t\t<div class=\"elementor-widget-container\">\n\t\t\t\t\t\t\t\t\t<p class=\"p1\"><span class=\"s1\"><b>1. Akreditovano srednjo\u0161kolsko obrazovanje<\/b><\/span><\/p><p class=\"p1\"><span class=\"s1\">Zvani\u010dan upis u srednju \u0161kolu<\/span><\/p><p class=\"p1\"><span class=\"s1\">Strukturiran akademski program uskla\u0111en sa evropskim standardima<\/span><\/p><p class=\"p1\"><span class=\"s1\">Jasno definisan sistem ocenjivanja i pra\u0107enja napretka<\/span><\/p><p class=\"p1\"><span class=\"s1\">Prenosiva i me\u0111unarodno priznata \u0161kolska dokumentacija<\/span><\/p><p class=\"p1\"><span class=\"s1\"><b>2. \u0160kolski model usmeren na sportiste<\/b><\/span><\/p><p class=\"p1\"><span class=\"s1\">Fleksibilan raspored prilago\u0111en treninzima i takmi\u010denjima<\/span><\/p><p class=\"p1\"><span class=\"s1\">Koordinisano planiranje izme\u0111u \u0161kole, trenera i mentora<\/span><\/p><p class=\"p1\"><span class=\"s1\"><b>3. Vi\u0161e od sporta \u2013 obrazovanje za \u017eivot<br \/><\/b><\/span><\/p><p class=\"p1\"><span class=\"s1\">Verujemo da je sport jedno poglavlje, ali ne i cela pri\u010da.<\/span><\/p><p class=\"p1\"><span class=\"s1\">U\u010denici razvijaju:<\/span><\/p><p class=\"p1\"><span class=\"s1\">Akademsku disciplinu i efikasne radne navike<\/span><\/p><p class=\"p1\"><span class=\"s1\">Finansijsku i preduzetni\u010dku pismenost<\/span><\/p><p class=\"p1\"><span class=\"s1\">Sposobnost dono\u0161enja odluka i preuzimanja odgovornosti<\/span><\/p><p class=\"p1\"><span class=\"s1\">Mentalnu otpornost i emocionalnu inteligenciju<\/span><\/p>\t\t\t\t\t\t\t\t<\/div>\n\t\t\t\t<\/div>\n\t\t\t\t<\/div>\n\t\t<div class=\"elementor-element elementor-element-3cf56bc e-con-full e-flex jltma-glass-effect-no e-con e-child\" data-id=\"3cf56bc\" data-element_type=\"container\" data-e-type=\"container\" data-settings=\"{&quot;background_background&quot;:&quot;classic&quot;}\">\n\t\t\t\t<div class=\"elementor-element elementor-element-fdbc336 jltma-glass-effect-no elementor-widget elementor-widget-spacer\" data-id=\"fdbc336\" data-element_type=\"widget\" data-e-type=\"widget\" data-widget_type=\"spacer.default\">\n\t\t\t\t<div class=\"elementor-widget-container\">\n\t\t\t\t\t\t\t<div class=\"elementor-spacer\">\n\t\t\t<div class=\"elementor-spacer-inner\"><\/div>\n\t\t<\/div>\n\t\t\t\t\t\t<\/div>\n\t\t\t\t<\/div>\n\t\t\t\t<\/div>\n\t\t\t\t<\/div>\n\t\t<div class=\"elementor-element elementor-element-b5343d2 e-con-full e-flex jltma-glass-effect-no e-con e-parent\" data-id=\"b5343d2\" data-element_type=\"container\" data-e-type=\"container\" data-settings=\"{&quot;background_background&quot;:&quot;classic&quot;}\">\n\t\t<div class=\"elementor-element elementor-element-4dfa59c e-con-full e-flex jltma-glass-effect-no e-con e-child\" data-id=\"4dfa59c\" data-element_type=\"container\" data-e-type=\"container\">\n\t\t\t\t<div class=\"elementor-element elementor-element-829dfd5 elementor-widget__width-auto jltma-glass-effect-no elementor-widget elementor-widget-heading\" data-id=\"829dfd5\" data-element_type=\"widget\" data-e-type=\"widget\" data-widget_type=\"heading.default\">\n\t\t\t\t<div class=\"elementor-widget-container\">\n\t\t\t\t\t<h2 class=\"elementor-heading-title elementor-size-default\">Dodatne vannastavne aktivnosti pripremaju za \u017eivot i karijeru:\n<\/h2>\t\t\t\t<\/div>\n\t\t\t\t<\/div>\n\t\t\t\t<div class=\"elementor-element elementor-element-d65b9cc jltma-glass-effect-no elementor-widget elementor-widget-text-editor\" data-id=\"d65b9cc\" data-element_type=\"widget\" data-e-type=\"widget\" data-widget_type=\"text-editor.default\">\n\t\t\t\t<div class=\"elementor-widget-container\">\n\t\t\t\t\t\t\t\t\t<p class=\"p1\"><span class=\"s1\">Finansijska pismenost i ulaganje<\/span><\/p><p class=\"p1\"><span class=\"s1\">\u2013 pametno upravljanje novcem tokom karijere i nakon sporta<\/span><\/p><p class=\"p1\"><span class=\"s1\">Preduzetni\u010dko razmi\u0161ljanje<\/span><\/p><p class=\"p1\"><span class=\"s1\">\u2013 li\u010dni brend, pregovaranje i monetizacija ve\u0161tina<\/span><\/p><p class=\"p1\"><span class=\"s1\">Mentalna snaga i podr\u0161ka performansama<\/span><\/p><p class=\"p1\"><span class=\"s1\">&#8211; Razvoj fokusa, motivacije i upravljanja stresom<\/span><\/p><p class=\"p1\"><span class=\"s1\">Osnove sportske psihologije i mentalne pripreme<\/span><\/p><p class=\"p1\"><span class=\"s1\">Izgradnju zdravih rutina i pobedni\u010dkog na\u010dina razmi\u0161ljanja<\/span><\/p>\t\t\t\t\t\t\t\t<\/div>\n\t\t\t\t<\/div>\n\t\t\t\t<\/div>\n\t\t<div class=\"elementor-element elementor-element-4c11d80 e-con-full e-flex jltma-glass-effect-no e-con e-child\" data-id=\"4c11d80\" data-element_type=\"container\" data-e-type=\"container\" data-settings=\"{&quot;background_background&quot;:&quot;classic&quot;}\">\n\t\t\t\t<div class=\"elementor-element elementor-element-2c24796 jltma-glass-effect-no elementor-widget elementor-widget-spacer\" data-id=\"2c24796\" data-element_type=\"widget\" data-e-type=\"widget\" data-widget_type=\"spacer.default\">\n\t\t\t\t<div class=\"elementor-widget-container\">\n\t\t\t\t\t\t\t<div class=\"elementor-spacer\">\n\t\t\t<div class=\"elementor-spacer-inner\"><\/div>\n\t\t<\/div>\n\t\t\t\t\t\t<\/div>\n\t\t\t\t<\/div>\n\t\t\t\t<\/div>\n\t\t\t\t<\/div>\n\t\t\t\t<\/div>\n\t\t","protected":false},"excerpt":{"rendered":"<p>NACIONALNI SPORTSKI PROGRAM FILOZOFIJA DUALNE KARIJERE Pratimo savremene evropske principe \u201edual career\u201c pristupa: Obrazovanje i sport napreduju paralelno Nema prisilnog izbora izme\u0111u treninga i \u0161kolovanja Svaki u\u010denik dobija: Podr\u0161ku akademskog mentora Smernice za li\u010dni razvoj Podr\u0161ku u prilago\u0111avanju za me\u0111unarodne u\u010denike Redovne izve\u0161taje o napretku i konsultacije sa roditeljima Program je namenjen mladim sportistima koji [&hellip;]<\/p>\n","protected":false},"author":1,"featured_media":0,"parent":0,"menu_order":0,"comment_status":"closed","ping_status":"closed","template":"","meta":{"footnotes":""},"class_list":["post-341","page","type-page","status-publish","hentry"],"_links":{"self":[{"href":"https:\/\/themeritschool.rs\/en\/wp-json\/wp\/v2\/pages\/341","targetHints":{"allow":["GET"]}}],"collection":[{"href":"https:\/\/themeritschool.rs\/en\/wp-json\/wp\/v2\/pages"}],"about":[{"href":"https:\/\/themeritschool.rs\/en\/wp-json\/wp\/v2\/types\/page"}],"author":[{"embeddable":true,"href":"https:\/\/themeritschool.rs\/en\/wp-json\/wp\/v2\/users\/1"}],"replies":[{"embeddable":true,"href":"https:\/\/themeritschool.rs\/en\/wp-json\/wp\/v2\/comments?post=341"}],"version-history":[{"count":104,"href":"https:\/\/themeritschool.rs\/en\/wp-json\/wp\/v2\/pages\/341\/revisions"}],"predecessor-version":[{"id":1369,"href":"https:\/\/themeritschool.rs\/en\/wp-json\/wp\/v2\/pages\/341\/revisions\/1369"}],"wp:attachment":[{"href":"https:\/\/themeritschool.rs\/en\/wp-json\/wp\/v2\/media?parent=341"}],"curies":[{"name":"wp","href":"https:\/\/api.w.org\/{rel}","templated":true}]}}