{"id":435,"date":"2024-02-20T16:31:08","date_gmt":"2024-02-20T16:31:08","guid":{"rendered":"https:\/\/themeritschool.rs\/?page_id=435"},"modified":"2026-03-04T16:00:13","modified_gmt":"2026-03-04T16:00:13","slug":"vannastavne-aktivnosti","status":"publish","type":"page","link":"https:\/\/themeritschool.rs\/en\/vannastavne-aktivnosti\/","title":{"rendered":"Vannastavne Aktivnosti"},"content":{"rendered":"<div data-elementor-type=\"wp-page\" data-elementor-id=\"435\" class=\"elementor elementor-435\">\n\t\t\t\t\t\t<section class=\"elementor-section elementor-top-section elementor-element elementor-element-ec01006 elementor-section-height-min-height elementor-section-boxed elementor-section-height-default elementor-section-items-middle jltma-glass-effect-no\" data-id=\"ec01006\" data-element_type=\"section\" data-e-type=\"section\" data-settings=\"{&quot;background_background&quot;:&quot;classic&quot;}\">\n\t\t\t\t\t\t\t<div class=\"elementor-background-overlay\"><\/div>\n\t\t\t\t\t\t\t<div class=\"elementor-container elementor-column-gap-default\">\n\t\t\t\t\t<div class=\"elementor-column elementor-col-100 elementor-top-column elementor-element elementor-element-482b95a jltma-glass-effect-no\" data-id=\"482b95a\" data-element_type=\"column\" data-e-type=\"column\">\n\t\t\t<div class=\"elementor-widget-wrap\">\n\t\t\t\t\t\t\t<\/div>\n\t\t<\/div>\n\t\t\t\t\t<\/div>\n\t\t<\/section>\n\t\t\t\t<section class=\"elementor-section elementor-top-section elementor-element elementor-element-57c1b47 elementor-section-full_width elementor-section-height-min-height elementor-section-items-stretch elementor-section-height-default jltma-glass-effect-no\" data-id=\"57c1b47\" data-element_type=\"section\" data-e-type=\"section\">\n\t\t\t\t\t\t<div class=\"elementor-container elementor-column-gap-custom\">\n\t\t\t\t\t<div class=\"elementor-column elementor-col-50 elementor-top-column elementor-element elementor-element-fbf2651 jltma-glass-effect-no\" data-id=\"fbf2651\" data-element_type=\"column\" data-e-type=\"column\" data-settings=\"{&quot;background_background&quot;:&quot;classic&quot;}\">\n\t\t\t<div class=\"elementor-widget-wrap elementor-element-populated\">\n\t\t\t\t\t\t<div class=\"elementor-element elementor-element-4801c6c jltma-glass-effect-no elementor-widget elementor-widget-text-editor\" data-id=\"4801c6c\" data-element_type=\"widget\" data-e-type=\"widget\" data-widget_type=\"text-editor.default\">\n\t\t\t\t<div class=\"elementor-widget-container\">\n\t\t\t\t\t\t\t\t\t<p class=\"p1\"><span class=\"s1\"><b>EXTRACURRICULAR ACTIVITIES<\/b><\/span><\/p>\t\t\t\t\t\t\t\t<\/div>\n\t\t\t\t<\/div>\n\t\t\t\t<div class=\"elementor-element elementor-element-46d3840 elementor-widget__width-auto jltma-glass-effect-no elementor-widget elementor-widget-text-editor\" data-id=\"46d3840\" data-element_type=\"widget\" data-e-type=\"widget\" data-widget_type=\"text-editor.default\">\n\t\t\t\t<div class=\"elementor-widget-container\">\n\t\t\t\t\t\t\t\t\t<p><b><\/b><span class=\"s1\"><b>1. Entrepreneurship &amp; practical skills<\/b><\/span><\/p><p class=\"p2\"><span class=\"s1\">Students learn to develop their own projects, real business ideas, and participate in conferences.<\/span><\/p><p class=\"p2\"><span class=\"s1\"><b>2. Public speaking &amp; communication<\/b><\/span><\/p><p class=\"p2\"><span class=\"s1\">The program covers skills for addressing an audience or camera (public speaking skills).<\/span><\/p><p class=\"p2\"><span class=\"s1\"><b>3. Creative &amp; critical thinking<\/b><\/span><\/p><p class=\"p2\"><span class=\"s1\">Activities and projects encourage students to think outside the box and solve problems independently.<\/span><\/p><p class=\"p2\"><span class=\"s1\"><b>4. Competitions &amp; projects<\/b><\/span><\/p><p class=\"p2\"><span class=\"s1\">Students can take part in competitions, conduct research, and present their results.<\/span><\/p>\t\t\t\t\t\t\t\t<\/div>\n\t\t\t\t<\/div>\n\t\t\t\t\t<\/div>\n\t\t<\/div>\n\t\t\t\t<div class=\"elementor-column elementor-col-50 elementor-top-column elementor-element elementor-element-1ec204c jltma-glass-effect-no\" data-id=\"1ec204c\" data-element_type=\"column\" data-e-type=\"column\" data-settings=\"{&quot;background_background&quot;:&quot;classic&quot;}\">\n\t\t\t<div class=\"elementor-widget-wrap elementor-element-populated\">\n\t\t\t\t\t\t<div class=\"elementor-element elementor-element-7522771 jltma-glass-effect-no elementor-widget elementor-widget-text-editor\" data-id=\"7522771\" data-element_type=\"widget\" data-e-type=\"widget\" data-widget_type=\"text-editor.default\">\n\t\t\t\t<div class=\"elementor-widget-container\">\n\t\t\t\t\t\t\t\t\t<p class=\"p1\"><span class=\"s1\"><b>WHY ARE THESE ACTIVITIES IMPORTANT?<\/b><\/span><\/p>\t\t\t\t\t\t\t\t<\/div>\n\t\t\t\t<\/div>\n\t\t\t\t<div class=\"elementor-element elementor-element-a246c5f elementor-widget__width-auto jltma-glass-effect-no elementor-widget elementor-widget-text-editor\" data-id=\"a246c5f\" data-element_type=\"widget\" data-e-type=\"widget\" data-widget_type=\"text-editor.default\">\n\t\t\t\t<div class=\"elementor-widget-container\">\n\t\t\t\t\t\t\t\t\t<p class=\"p1\"><span class=\"s1\">Developing social skills &amp; emotional intelligence<\/span><\/p><p class=\"p1\"><span class=\"s1\">Active participation in team projects and public speaking helps students better understand others and express themselves, leading to improved emotional management and communication. <\/span><\/p><p class=\"p1\"><span class=\"s2\">\u2714\ufe0f<\/span><span class=\"s1\"> Strengthening confidence &amp; leadership<\/span><\/p><p class=\"p1\"><span class=\"s1\">When students work on real projects (e.g., creating a brand, giving presentations), they gain a sense of competence and self-confidence. This contributes to leadership skills and greater autonomy in learning and life. <\/span><\/p><p class=\"p1\"><span class=\"s2\">\u2714\ufe0f<\/span><span class=\"s1\"> Developing critical &amp; creative thinking<\/span><\/p><p class=\"p1\"><span class=\"s1\">Research shows that extracurricular activities particularly stimulate problem-solving, innovation, and adaptability in unpredictable situations\u2014key skills for the 21st century. <\/span><\/p><p class=\"p1\"><span class=\"s2\">\u2714\ufe0f<\/span><span class=\"s1\"> Connecting school knowledge with the real world<\/span><\/p><p class=\"p1\"><span class=\"s1\">Participation in projects, competitions, and visits helps students see the practical application of knowledge, increasing motivation and long-term skill retention. <\/span><\/p>\t\t\t\t\t\t\t\t<\/div>\n\t\t\t\t<\/div>\n\t\t\t\t\t<\/div>\n\t\t<\/div>\n\t\t\t\t\t<\/div>\n\t\t<\/section>\n\t\t\t\t<\/div>","protected":false},"excerpt":{"rendered":"<p>VANNASTAVNE AKTIVNOSTI 1. Preduzetni\u0161tvo i prakti\u010dne ve\u0161tine U\u010denici u\u010de da razvijaju vlastite projekte, realne biznis ideje i u\u010destvuju na konferencijama. 2. Javni nastup i komunikacija Program obuhvata ve\u0161tine obra\u0107anja pred publikom ili kamerom (javne govorne ve\u0161tine). 3. Kreativno i kriti\u010dko mi\u0161ljenje Aktivnosti i projekti koji u\u010denike podsti\u010du da misle van okvira i sami re\u0161avaju probleme. [&hellip;]<\/p>\n","protected":false},"author":1,"featured_media":0,"parent":0,"menu_order":0,"comment_status":"closed","ping_status":"closed","template":"","meta":{"footnotes":""},"class_list":["post-435","page","type-page","status-publish","hentry"],"_links":{"self":[{"href":"https:\/\/themeritschool.rs\/en\/wp-json\/wp\/v2\/pages\/435","targetHints":{"allow":["GET"]}}],"collection":[{"href":"https:\/\/themeritschool.rs\/en\/wp-json\/wp\/v2\/pages"}],"about":[{"href":"https:\/\/themeritschool.rs\/en\/wp-json\/wp\/v2\/types\/page"}],"author":[{"embeddable":true,"href":"https:\/\/themeritschool.rs\/en\/wp-json\/wp\/v2\/users\/1"}],"replies":[{"embeddable":true,"href":"https:\/\/themeritschool.rs\/en\/wp-json\/wp\/v2\/comments?post=435"}],"version-history":[{"count":95,"href":"https:\/\/themeritschool.rs\/en\/wp-json\/wp\/v2\/pages\/435\/revisions"}],"predecessor-version":[{"id":1276,"href":"https:\/\/themeritschool.rs\/en\/wp-json\/wp\/v2\/pages\/435\/revisions\/1276"}],"wp:attachment":[{"href":"https:\/\/themeritschool.rs\/en\/wp-json\/wp\/v2\/media?parent=435"}],"curies":[{"name":"wp","href":"https:\/\/api.w.org\/{rel}","templated":true}]}}